{"id":460,"date":"2025-08-17T15:52:52","date_gmt":"2025-08-17T15:52:52","guid":{"rendered":"https:\/\/gsrowad.ma\/?page_id=460"},"modified":"2025-08-27T12:21:12","modified_gmt":"2025-08-27T12:21:12","slug":"nos-programmes","status":"publish","type":"page","link":"https:\/\/gsrowad.ma\/index.php\/nos-programmes\/","title":{"rendered":"Nos Programmes"},"content":{"rendered":"\t\t<div data-elementor-type=\"wp-page\" data-elementor-id=\"460\" class=\"elementor elementor-460\" data-elementor-post-type=\"page\">\n\t\t\t\t\t\t<section class=\"elementor-section elementor-top-section elementor-element elementor-element-76b91111 elementor-section-boxed elementor-section-height-default elementor-section-height-default\" data-id=\"76b91111\" data-element_type=\"section\" data-settings=\"{&quot;background_background&quot;:&quot;classic&quot;}\">\n\t\t\t\t\t\t\t<div class=\"elementor-background-overlay\"><\/div>\n\t\t\t\t\t\t\t<div class=\"elementor-container elementor-column-gap-default\">\n\t\t\t\t\t<div class=\"elementor-column elementor-col-100 elementor-top-column elementor-element elementor-element-3b8a46f6\" data-id=\"3b8a46f6\" data-element_type=\"column\">\n\t\t\t<div class=\"elementor-widget-wrap elementor-element-populated\">\n\t\t\t\t\t\t<div class=\"elementor-element elementor-element-8bc84a2 animated-slow elementor-invisible elementor-widget elementor-widget-heading\" data-id=\"8bc84a2\" data-element_type=\"widget\" data-settings=\"{&quot;_animation&quot;:&quot;fadeInLeft&quot;}\" data-widget_type=\"heading.default\">\n\t\t\t\t\t<h2 class=\"elementor-heading-title elementor-size-default\">Nos Programmes<\/h2>\t\t\t\t<\/div>\n\t\t\t\t\t<\/div>\n\t\t<\/div>\n\t\t\t\t\t<\/div>\n\t\t<\/section>\n\t\t\t\t<section class=\"elementor-section elementor-top-section elementor-element elementor-element-253917a0 elementor-section-boxed elementor-section-height-default elementor-section-height-default\" data-id=\"253917a0\" data-element_type=\"section\">\n\t\t\t\t\t\t<div class=\"elementor-container elementor-column-gap-default\">\n\t\t\t\t\t<div class=\"elementor-column elementor-col-100 elementor-top-column elementor-element elementor-element-6c23faf9\" data-id=\"6c23faf9\" data-element_type=\"column\">\n\t\t\t<div class=\"elementor-widget-wrap elementor-element-populated\">\n\t\t\t\t\t\t<div class=\"elementor-element elementor-element-1fc68fa2 animated-slow elementor-invisible elementor-widget elementor-widget-heading\" data-id=\"1fc68fa2\" data-element_type=\"widget\" data-settings=\"{&quot;_animation&quot;:&quot;fadeInLeft&quot;}\" data-widget_type=\"heading.default\">\n\t\t\t\t\t<h2 class=\"elementor-heading-title elementor-size-default\">Nos Programmes<\/h2>\t\t\t\t<\/div>\n\t\t\t\t<div class=\"elementor-element elementor-element-741fc48c elementor-widget elementor-widget-text-editor\" data-id=\"741fc48c\" data-element_type=\"widget\" data-widget_type=\"text-editor.default\">\n\t\t\t\t\t\t\t\t\t<p>Au <strong data-start=\"218\" data-end=\"243\">Groupe Scolaire ROWAD<\/strong>, nous accompagnons vos enfants tout au long de leur parcours \u00e9ducatif, de leurs premiers pas \u00e0 l\u2019\u00e9cole jusqu\u2019\u00e0 la pr\u00e9paration au baccalaur\u00e9at. Chaque \u00e9tape est pens\u00e9e pour d\u00e9velopper leurs comp\u00e9tences, leur confiance et leur ouverture sur le monde.<\/p>\t\t\t\t\t\t\t\t<\/div>\n\t\t\t\t\t<\/div>\n\t\t<\/div>\n\t\t\t\t\t<\/div>\n\t\t<\/section>\n\t\t<div class=\"elementor-element elementor-element-010ab9e e-grid e-con-boxed e-con e-parent\" data-id=\"010ab9e\" data-element_type=\"container\">\n\t\t\t\t\t<div class=\"e-con-inner\">\n\t\t<div class=\"elementor-element elementor-element-0200b0c e-con-full e-flex elementor-invisible e-con e-child\" data-id=\"0200b0c\" data-element_type=\"container\" data-settings=\"{&quot;animation&quot;:&quot;fadeIn&quot;,&quot;animation_delay&quot;:150,&quot;background_background&quot;:&quot;classic&quot;}\">\n\t\t\t\t<div class=\"elementor-element elementor-element-a986b99 elementor-icon-list--layout-inline elementor-list-item-link-full_width elementor-widget elementor-widget-icon-list\" data-id=\"a986b99\" data-element_type=\"widget\" data-widget_type=\"icon-list.default\">\n\t\t\t\t\t\t\t<ul class=\"elementor-icon-list-items elementor-inline-items\">\n\t\t\t\t\t\t\t<li class=\"elementor-icon-list-item elementor-inline-item\">\n\t\t\t\t\t\t\t\t\t\t\t<a href=\"#\">\n\n\t\t\t\t\t\t\t\t\t\t\t<span class=\"elementor-icon-list-text\">MATERNELLE<\/span>\n\t\t\t\t\t\t\t\t\t\t\t<\/a>\n\t\t\t\t\t\t\t\t\t<\/li>\n\t\t\t\t\t\t<\/ul>\n\t\t\t\t\t\t<\/div>\n\t\t\t\t<div class=\"elementor-element elementor-element-94af247 elementor-widget elementor-widget-image\" data-id=\"94af247\" data-element_type=\"widget\" data-widget_type=\"image.default\">\n\t\t\t\t\t\t\t\t\t\t\t\t\t\t\t<img fetchpriority=\"high\" decoding=\"async\" width=\"1920\" height=\"1380\" src=\"https:\/\/gsrowad.ma\/wp-content\/uploads\/2025\/08\/sigmund-TJxotQTUr8o-unsplash.jpg\" class=\"attachment-full size-full wp-image-178\" alt=\"\" srcset=\"https:\/\/gsrowad.ma\/wp-content\/uploads\/2025\/08\/sigmund-TJxotQTUr8o-unsplash.jpg 1920w, https:\/\/gsrowad.ma\/wp-content\/uploads\/2025\/08\/sigmund-TJxotQTUr8o-unsplash-300x216.jpg 300w, https:\/\/gsrowad.ma\/wp-content\/uploads\/2025\/08\/sigmund-TJxotQTUr8o-unsplash-1024x736.jpg 1024w, https:\/\/gsrowad.ma\/wp-content\/uploads\/2025\/08\/sigmund-TJxotQTUr8o-unsplash-768x552.jpg 768w, https:\/\/gsrowad.ma\/wp-content\/uploads\/2025\/08\/sigmund-TJxotQTUr8o-unsplash-1536x1104.jpg 1536w\" sizes=\"(max-width: 1920px) 100vw, 1920px\" \/>\t\t\t\t\t\t\t\t\t\t\t\t\t\t\t<\/div>\n\t\t\t\t<div class=\"elementor-element elementor-element-0def706 jkit-equal-height-disable elementor-widget elementor-widget-jkit_icon_box\" data-id=\"0def706\" data-element_type=\"widget\" data-widget_type=\"jkit_icon_box.default\">\n\t\t\t\t\t<div  class=\"jeg-elementor-kit jkit-icon-box icon-position- elementor-animation- jeg_module___69e5e45035f2b\" ><a href=\"#\" class=\"icon-box-link\" aria-label=\"View Project\"><div class=\"jkit-icon-box-wrapper hover-from-left\"><div class=\"icon-box icon-box-body\">\n                <h4 class=\"title\">MATERNELLE<\/h4><p class=\"icon-box-description\">\u00c0 la maternelle du Groupe Scolaire Rowad, chaque enfant grandit dans un environnement doux, s\u00e9curis\u00e9 et stimulant, pens\u00e9 pour respecter son rythme naturel d\u2019apprentissage. Notre approche bienveillante, fond\u00e9e sur les \u00e9tapes cl\u00e9s du d\u00e9veloppement de l\u2019enfant, favorise l\u2019autonomie, la curiosit\u00e9 et la joie d\u2019apprendre. Ici, les tout-petits explorent, s\u2019\u00e9veillent et s\u2019\u00e9panouissent pleinement.<\/p>\n            <\/div>\n            \n            <\/div><\/a><\/div>\t\t\t\t<\/div>\n\t\t\t\t<\/div>\n\t\t<div class=\"elementor-element elementor-element-8ba5b25 e-con-full e-flex elementor-invisible e-con e-child\" data-id=\"8ba5b25\" data-element_type=\"container\" data-settings=\"{&quot;animation&quot;:&quot;fadeIn&quot;,&quot;animation_delay&quot;:150,&quot;background_background&quot;:&quot;classic&quot;}\">\n\t\t\t\t<div class=\"elementor-element elementor-element-6fd8fa9 elementor-icon-list--layout-inline elementor-list-item-link-full_width elementor-widget elementor-widget-icon-list\" data-id=\"6fd8fa9\" data-element_type=\"widget\" data-widget_type=\"icon-list.default\">\n\t\t\t\t\t\t\t<ul class=\"elementor-icon-list-items elementor-inline-items\">\n\t\t\t\t\t\t\t<li class=\"elementor-icon-list-item elementor-inline-item\">\n\t\t\t\t\t\t\t\t\t\t\t<a href=\"#\">\n\n\t\t\t\t\t\t\t\t\t\t\t<span class=\"elementor-icon-list-text\">Primaire<\/span>\n\t\t\t\t\t\t\t\t\t\t\t<\/a>\n\t\t\t\t\t\t\t\t\t<\/li>\n\t\t\t\t\t\t<\/ul>\n\t\t\t\t\t\t<\/div>\n\t\t\t\t<div class=\"elementor-element elementor-element-f3b2542 elementor-widget elementor-widget-image\" data-id=\"f3b2542\" data-element_type=\"widget\" data-widget_type=\"image.default\">\n\t\t\t\t\t\t\t\t\t\t\t\t\t\t\t<img decoding=\"async\" width=\"1280\" height=\"853\" src=\"https:\/\/gsrowad.ma\/wp-content\/uploads\/2025\/08\/pexels-katerina-holmes-5905493.jpg\" class=\"attachment-full size-full wp-image-336\" alt=\"\" srcset=\"https:\/\/gsrowad.ma\/wp-content\/uploads\/2025\/08\/pexels-katerina-holmes-5905493.jpg 1280w, https:\/\/gsrowad.ma\/wp-content\/uploads\/2025\/08\/pexels-katerina-holmes-5905493-300x200.jpg 300w, https:\/\/gsrowad.ma\/wp-content\/uploads\/2025\/08\/pexels-katerina-holmes-5905493-1024x682.jpg 1024w, https:\/\/gsrowad.ma\/wp-content\/uploads\/2025\/08\/pexels-katerina-holmes-5905493-768x512.jpg 768w\" sizes=\"(max-width: 1280px) 100vw, 1280px\" \/>\t\t\t\t\t\t\t\t\t\t\t\t\t\t\t<\/div>\n\t\t\t\t<div class=\"elementor-element elementor-element-92dde01 jkit-equal-height-disable elementor-widget elementor-widget-jkit_icon_box\" data-id=\"92dde01\" data-element_type=\"widget\" data-widget_type=\"jkit_icon_box.default\">\n\t\t\t\t\t<div  class=\"jeg-elementor-kit jkit-icon-box icon-position- elementor-animation- jeg_module__1_69e5e45036ac2\" ><a href=\"#\" class=\"icon-box-link\" aria-label=\"View Project\"><div class=\"jkit-icon-box-wrapper hover-from-left\"><div class=\"icon-box icon-box-body\">\n                <h4 class=\"title\">Primaire<\/h4><p class=\"icon-box-description\">Au primaire du Groupe Scolaire Rowad, les \u00e9l\u00e8ves d\u00e9couvrent le plaisir d\u2019apprendre dans un cadre dynamique et rassurant. Notre p\u00e9dagogie active valorise la participation, le sens de l\u2019effort et l\u2019entraide. Chaque enfant est accompagn\u00e9 pour d\u00e9velopper ses savoirs, structurer sa pens\u00e9e et cultiver sa confiance en lui. \u00c0 Groupe Scolaire Rowad, nous posons ensemble les bases solides d\u2019un parcours scolaire \u00e9panoui.<\/p>\n            <\/div>\n            \n            <\/div><\/a><\/div>\t\t\t\t<\/div>\n\t\t\t\t<\/div>\n\t\t<div class=\"elementor-element elementor-element-1d076b7 e-con-full e-flex elementor-invisible e-con e-child\" data-id=\"1d076b7\" data-element_type=\"container\" data-settings=\"{&quot;animation&quot;:&quot;fadeIn&quot;,&quot;animation_delay&quot;:150,&quot;background_background&quot;:&quot;classic&quot;}\">\n\t\t\t\t<div class=\"elementor-element elementor-element-07bf285 elementor-icon-list--layout-inline elementor-list-item-link-full_width elementor-widget elementor-widget-icon-list\" data-id=\"07bf285\" data-element_type=\"widget\" data-widget_type=\"icon-list.default\">\n\t\t\t\t\t\t\t<ul class=\"elementor-icon-list-items elementor-inline-items\">\n\t\t\t\t\t\t\t<li class=\"elementor-icon-list-item elementor-inline-item\">\n\t\t\t\t\t\t\t\t\t\t\t<a href=\"#\">\n\n\t\t\t\t\t\t\t\t\t\t\t<span class=\"elementor-icon-list-text\">Coll\u00e8ge <\/span>\n\t\t\t\t\t\t\t\t\t\t\t<\/a>\n\t\t\t\t\t\t\t\t\t<\/li>\n\t\t\t\t\t\t<\/ul>\n\t\t\t\t\t\t<\/div>\n\t\t\t\t<div class=\"elementor-element elementor-element-90bdf91 elementor-widget elementor-widget-image\" data-id=\"90bdf91\" data-element_type=\"widget\" data-widget_type=\"image.default\">\n\t\t\t\t\t\t\t\t\t\t\t\t\t\t\t<img decoding=\"async\" width=\"2000\" height=\"1333\" src=\"https:\/\/gsrowad.ma\/wp-content\/uploads\/2025\/08\/teacher-standing-in-front-of-the-class-room-full-of-teenage-students.jpg\" class=\"attachment-full size-full wp-image-144\" alt=\"\" srcset=\"https:\/\/gsrowad.ma\/wp-content\/uploads\/2025\/08\/teacher-standing-in-front-of-the-class-room-full-of-teenage-students.jpg 2000w, https:\/\/gsrowad.ma\/wp-content\/uploads\/2025\/08\/teacher-standing-in-front-of-the-class-room-full-of-teenage-students-300x200.jpg 300w, https:\/\/gsrowad.ma\/wp-content\/uploads\/2025\/08\/teacher-standing-in-front-of-the-class-room-full-of-teenage-students-1024x682.jpg 1024w, https:\/\/gsrowad.ma\/wp-content\/uploads\/2025\/08\/teacher-standing-in-front-of-the-class-room-full-of-teenage-students-768x512.jpg 768w, https:\/\/gsrowad.ma\/wp-content\/uploads\/2025\/08\/teacher-standing-in-front-of-the-class-room-full-of-teenage-students-1536x1024.jpg 1536w\" sizes=\"(max-width: 2000px) 100vw, 2000px\" \/>\t\t\t\t\t\t\t\t\t\t\t\t\t\t\t<\/div>\n\t\t\t\t<div class=\"elementor-element elementor-element-c08640a jkit-equal-height-disable elementor-widget elementor-widget-jkit_icon_box\" data-id=\"c08640a\" data-element_type=\"widget\" data-widget_type=\"jkit_icon_box.default\">\n\t\t\t\t\t<div  class=\"jeg-elementor-kit jkit-icon-box icon-position- elementor-animation- jeg_module__2_69e5e450370b0\" ><a href=\"#\" class=\"icon-box-link\" aria-label=\"View Project\"><div class=\"jkit-icon-box-wrapper hover-from-left\"><div class=\"icon-box icon-box-body\">\n                <h4 class=\"title\">Coll\u00e8ge<\/h4><p class=\"icon-box-description\">Le coll\u00e8ge du Groupe Scolaire Rowad est un v\u00e9ritable tremplin vers l\u2019autonomie. Dans une ambiance bienveillante et motivante, nous aidons chaque \u00e9l\u00e8ve \u00e0 affirmer son identit\u00e9, \u00e0 d\u00e9velopper son esprit critique et \u00e0 s\u2019ouvrir sur le monde. \u00c0 travers un accompagnement personnalis\u00e9 et des m\u00e9thodes innovantes, nos coll\u00e9giens progressent avec s\u00e9r\u00e9nit\u00e9, vers un avenir ambitieux et \u00e9clair\u00e9.<\/p>\n            <\/div>\n            \n            <\/div><\/a><\/div>\t\t\t\t<\/div>\n\t\t\t\t<\/div>\n\t\t<div class=\"elementor-element elementor-element-dd31f18 e-con-full e-flex elementor-invisible e-con e-child\" data-id=\"dd31f18\" data-element_type=\"container\" data-settings=\"{&quot;animation&quot;:&quot;fadeIn&quot;,&quot;animation_delay&quot;:150,&quot;background_background&quot;:&quot;classic&quot;}\">\n\t\t\t\t<div class=\"elementor-element elementor-element-0176a0c elementor-icon-list--layout-inline elementor-list-item-link-full_width elementor-widget elementor-widget-icon-list\" data-id=\"0176a0c\" data-element_type=\"widget\" data-widget_type=\"icon-list.default\">\n\t\t\t\t\t\t\t<ul class=\"elementor-icon-list-items elementor-inline-items\">\n\t\t\t\t\t\t\t<li class=\"elementor-icon-list-item elementor-inline-item\">\n\t\t\t\t\t\t\t\t\t\t\t<a href=\"#\">\n\n\t\t\t\t\t\t\t\t\t\t\t<span class=\"elementor-icon-list-text\">Lyc\u00e9e<\/span>\n\t\t\t\t\t\t\t\t\t\t\t<\/a>\n\t\t\t\t\t\t\t\t\t<\/li>\n\t\t\t\t\t\t<\/ul>\n\t\t\t\t\t\t<\/div>\n\t\t\t\t<div class=\"elementor-element elementor-element-bab4580 elementor-widget elementor-widget-image\" data-id=\"bab4580\" data-element_type=\"widget\" data-widget_type=\"image.default\">\n\t\t\t\t\t\t\t\t\t\t\t\t\t\t\t<img loading=\"lazy\" decoding=\"async\" width=\"1920\" height=\"1272\" src=\"https:\/\/gsrowad.ma\/wp-content\/uploads\/2025\/08\/element5-digital-jCIMcOpFHig-unsplash.jpg\" class=\"attachment-full size-full wp-image-184\" alt=\"\" srcset=\"https:\/\/gsrowad.ma\/wp-content\/uploads\/2025\/08\/element5-digital-jCIMcOpFHig-unsplash.jpg 1920w, https:\/\/gsrowad.ma\/wp-content\/uploads\/2025\/08\/element5-digital-jCIMcOpFHig-unsplash-300x199.jpg 300w, https:\/\/gsrowad.ma\/wp-content\/uploads\/2025\/08\/element5-digital-jCIMcOpFHig-unsplash-1024x678.jpg 1024w, https:\/\/gsrowad.ma\/wp-content\/uploads\/2025\/08\/element5-digital-jCIMcOpFHig-unsplash-768x509.jpg 768w, https:\/\/gsrowad.ma\/wp-content\/uploads\/2025\/08\/element5-digital-jCIMcOpFHig-unsplash-1536x1018.jpg 1536w\" sizes=\"(max-width: 1920px) 100vw, 1920px\" \/>\t\t\t\t\t\t\t\t\t\t\t\t\t\t\t<\/div>\n\t\t\t\t<div class=\"elementor-element elementor-element-cc5652e jkit-equal-height-disable elementor-widget elementor-widget-jkit_icon_box\" data-id=\"cc5652e\" data-element_type=\"widget\" data-widget_type=\"jkit_icon_box.default\">\n\t\t\t\t\t<div  class=\"jeg-elementor-kit jkit-icon-box icon-position- elementor-animation- jeg_module__3_69e5e4503767e\" ><a href=\"#\" class=\"icon-box-link\" aria-label=\"View Project\"><div class=\"jkit-icon-box-wrapper hover-from-left\"><div class=\"icon-box icon-box-body\">\n                <h4 class=\"title\">Lyc\u00e9e<\/h4><p class=\"icon-box-description\">Au lyc\u00e9e du Groupe Scolaire Rowad, nos \u00e9l\u00e8ves se pr\u00e9parent activement \u00e0 leur avenir universitaire et professionnel. Nous pla\u00e7ons l\u2019\u00e9l\u00e8ve au c\u0153ur d\u2019un parcours exigeant et enrichissant, o\u00f9 l\u2019excellence rime avec \u00e9panouissement personnel. Port\u00e9s par une \u00e9quipe engag\u00e9e et un suivi attentif, ils d\u00e9veloppent leurs talents, affinent leurs projets et se construisent en tant que citoyens du monde, responsables et confiants<\/p>\n            <\/div>\n            \n            <\/div><\/a><\/div>\t\t\t\t<\/div>\n\t\t\t\t<\/div>\n\t\t\t\t\t<\/div>\n\t\t\t\t<\/div>\n\t\t\t\t<section class=\"elementor-section elementor-top-section elementor-element elementor-element-8feeba6 elementor-section-boxed elementor-section-height-default elementor-section-height-default\" data-id=\"8feeba6\" data-element_type=\"section\" data-settings=\"{&quot;background_background&quot;:&quot;classic&quot;}\">\n\t\t\t\t\t\t<div class=\"elementor-container elementor-column-gap-default\">\n\t\t\t\t\t<div class=\"elementor-column elementor-col-50 elementor-top-column elementor-element elementor-element-3398838\" data-id=\"3398838\" data-element_type=\"column\">\n\t\t\t<div class=\"elementor-widget-wrap elementor-element-populated\">\n\t\t\t\t\t\t<div class=\"elementor-element elementor-element-fbfd8e8 animated-slow elementor-invisible elementor-widget elementor-widget-heading\" data-id=\"fbfd8e8\" data-element_type=\"widget\" data-settings=\"{&quot;_animation&quot;:&quot;fadeInLeft&quot;}\" data-widget_type=\"heading.default\">\n\t\t\t\t\t<h2 class=\"elementor-heading-title elementor-size-default\">Nos Valeurs<\/h2>\t\t\t\t<\/div>\n\t\t\t\t<div class=\"elementor-element elementor-element-b6ddd8f jkit-equal-height-disable elementor-widget elementor-widget-jkit_icon_box\" data-id=\"b6ddd8f\" data-element_type=\"widget\" data-widget_type=\"jkit_icon_box.default\">\n\t\t\t\t\t<div  class=\"jeg-elementor-kit jkit-icon-box icon-position-left elementor-animation- jeg_module__4_69e5e45037c32\" ><div class=\"jkit-icon-box-wrapper hover-from-left\"><div class=\"icon-box icon-box-header elementor-animation-\"><div class=\"icon style-color\"><svg aria-hidden=\"true\" class=\"e-font-icon-svg e-far-user\" viewBox=\"0 0 448 512\" xmlns=\"http:\/\/www.w3.org\/2000\/svg\"><path d=\"M313.6 304c-28.7 0-42.5 16-89.6 16-47.1 0-60.8-16-89.6-16C60.2 304 0 364.2 0 438.4V464c0 26.5 21.5 48 48 48h352c26.5 0 48-21.5 48-48v-25.6c0-74.2-60.2-134.4-134.4-134.4zM400 464H48v-25.6c0-47.6 38.8-86.4 86.4-86.4 14.6 0 38.3 16 89.6 16 51.7 0 74.9-16 89.6-16 47.6 0 86.4 38.8 86.4 86.4V464zM224 288c79.5 0 144-64.5 144-144S303.5 0 224 0 80 64.5 80 144s64.5 144 144 144zm0-240c52.9 0 96 43.1 96 96s-43.1 96-96 96-96-43.1-96-96 43.1-96 96-96z\"><\/path><\/svg><\/div><\/div><div class=\"icon-box icon-box-body\">\n                <h2 class=\"title\">Accompagnement Personnalis\u00e9<\/h2><p class=\"icon-box-description\">Nous veillons \u00e0 offrir \u00e0 chaque \u00e9l\u00e8ve l\u2019attention dont il a besoin pour r\u00e9ussir. Gr\u00e2ce \u00e0 des effectifs r\u00e9duits, nos enseignants peuvent accompagner chaque enfant de mani\u00e8re individualis\u00e9e, favorisant ainsi un apprentissage optimal et un d\u00e9veloppement \u00e9panoui.<\/p>\n            <\/div>\n            \n            <\/div><\/div>\t\t\t\t<\/div>\n\t\t\t\t<div class=\"elementor-element elementor-element-091c608 jkit-equal-height-disable elementor-widget elementor-widget-jkit_icon_box\" data-id=\"091c608\" data-element_type=\"widget\" data-widget_type=\"jkit_icon_box.default\">\n\t\t\t\t\t<div  class=\"jeg-elementor-kit jkit-icon-box icon-position-left elementor-animation- jeg_module__5_69e5e45038129\" ><div class=\"jkit-icon-box-wrapper hover-from-left\"><div class=\"icon-box icon-box-header elementor-animation-\"><div class=\"icon style-color\"><i aria-hidden=\"true\" class=\"jki jki-Computer-light\"><\/i><\/div><\/div><div class=\"icon-box icon-box-body\">\n                <h2 class=\"title\">Des Installations Modernes<\/h2><p class=\"icon-box-description\">Chaque \u00e9l\u00e8ve b\u00e9n\u00e9ficie des meilleures technologies d\u2019apprentissage et de rencontres enrichissantes avec des professionnels issus de divers secteurs. Cette approche leur permet de d\u00e9velopper des comp\u00e9tences cl\u00e9s et de se pr\u00e9parer au mieux \u00e0 leur future carri\u00e8re ou \u00e0 leurs projets entrepreneuriaux.<\/p>\n            <\/div>\n            \n            <\/div><\/div>\t\t\t\t<\/div>\n\t\t\t\t<div class=\"elementor-element elementor-element-50f0efd jkit-equal-height-disable elementor-widget elementor-widget-jkit_icon_box\" data-id=\"50f0efd\" data-element_type=\"widget\" data-widget_type=\"jkit_icon_box.default\">\n\t\t\t\t\t<div  class=\"jeg-elementor-kit jkit-icon-box icon-position-left elementor-animation- jeg_module__6_69e5e450385ec\" ><div class=\"jkit-icon-box-wrapper hover-from-left\"><div class=\"icon-box icon-box-header elementor-animation-\"><div class=\"icon style-color\"><i aria-hidden=\"true\" class=\"jki jki-school-light\"><\/i><\/div><\/div><div class=\"icon-box icon-box-body\">\n                <h2 class=\"title\">Apprentissage<\/h2><p class=\"icon-box-description\">Nous croyons qu\u2019il est important de doter vos enfants des comp\u00e9tences n\u00e9cessaires pour pouvoir apprendre pour le reste de leur vie ! En leur inculquant une m\u00e9thode de pens\u00e9e analytique, nous pensons qu\u2019ils seront capables d\u2019\u00eatre des penseurs ind\u00e9pendants et d\u2019\u00eatre tr\u00e8s performants dans la carri\u00e8re qu\u2019ils ont choisie.<\/p>\n            <\/div>\n            \n            <\/div><\/div>\t\t\t\t<\/div>\n\t\t\t\t\t<\/div>\n\t\t<\/div>\n\t\t\t\t<div class=\"elementor-column elementor-col-50 elementor-top-column elementor-element elementor-element-f7ec4b5\" data-id=\"f7ec4b5\" data-element_type=\"column\">\n\t\t\t<div class=\"elementor-widget-wrap elementor-element-populated\">\n\t\t\t\t\t\t<section class=\"elementor-section elementor-inner-section elementor-element elementor-element-832816e elementor-section-boxed elementor-section-height-default elementor-section-height-default\" data-id=\"832816e\" data-element_type=\"section\">\n\t\t\t\t\t\t<div class=\"elementor-container elementor-column-gap-default\">\n\t\t\t\t\t<div class=\"elementor-column elementor-col-50 elementor-inner-column elementor-element elementor-element-a99ce57\" data-id=\"a99ce57\" data-element_type=\"column\">\n\t\t\t<div class=\"elementor-widget-wrap elementor-element-populated\">\n\t\t\t\t\t\t<div class=\"elementor-element elementor-element-8201455 elementor-hidden-tablet elementor-hidden-mobile elementor-widget elementor-widget-image\" data-id=\"8201455\" data-element_type=\"widget\" data-widget_type=\"image.default\">\n\t\t\t\t\t\t\t\t\t\t\t\t\t\t\t<img loading=\"lazy\" decoding=\"async\" width=\"75\" height=\"58\" src=\"https:\/\/gsrowad.ma\/wp-content\/uploads\/2025\/08\/circleElement-e1637636159572.png\" class=\"attachment-large size-large wp-image-28\" alt=\"\" \/>\t\t\t\t\t\t\t\t\t\t\t\t\t\t\t<\/div>\n\t\t\t\t<div class=\"elementor-element elementor-element-2db88c0 elementor-widget elementor-widget-image\" data-id=\"2db88c0\" data-element_type=\"widget\" data-widget_type=\"image.default\">\n\t\t\t\t\t\t\t\t\t\t\t\t\t\t\t<img loading=\"lazy\" decoding=\"async\" width=\"800\" height=\"534\" src=\"https:\/\/gsrowad.ma\/wp-content\/uploads\/2025\/08\/pexels-pixabay-289737-1024x683.jpg\" class=\"attachment-large size-large wp-image-328\" alt=\"\" srcset=\"https:\/\/gsrowad.ma\/wp-content\/uploads\/2025\/08\/pexels-pixabay-289737-1024x683.jpg 1024w, https:\/\/gsrowad.ma\/wp-content\/uploads\/2025\/08\/pexels-pixabay-289737-300x200.jpg 300w, https:\/\/gsrowad.ma\/wp-content\/uploads\/2025\/08\/pexels-pixabay-289737-768x512.jpg 768w, https:\/\/gsrowad.ma\/wp-content\/uploads\/2025\/08\/pexels-pixabay-289737.jpg 1280w\" sizes=\"(max-width: 800px) 100vw, 800px\" \/>\t\t\t\t\t\t\t\t\t\t\t\t\t\t\t<\/div>\n\t\t\t\t\t<\/div>\n\t\t<\/div>\n\t\t\t\t<div class=\"elementor-column elementor-col-50 elementor-inner-column elementor-element elementor-element-42b137d elementor-hidden-tablet elementor-hidden-mobile\" data-id=\"42b137d\" data-element_type=\"column\">\n\t\t\t<div class=\"elementor-widget-wrap elementor-element-populated\">\n\t\t\t\t\t\t<div class=\"elementor-element elementor-element-3b3faaa elementor-widget elementor-widget-image\" data-id=\"3b3faaa\" data-element_type=\"widget\" data-widget_type=\"image.default\">\n\t\t\t\t\t\t\t\t\t\t\t\t\t\t\t<img loading=\"lazy\" decoding=\"async\" width=\"800\" height=\"933\" src=\"https:\/\/gsrowad.ma\/wp-content\/uploads\/2025\/08\/443277922_907381637804317_4532534099487602515_n-878x1024.jpg\" class=\"attachment-large size-large wp-image-375\" alt=\"\" srcset=\"https:\/\/gsrowad.ma\/wp-content\/uploads\/2025\/08\/443277922_907381637804317_4532534099487602515_n-878x1024.jpg 878w, https:\/\/gsrowad.ma\/wp-content\/uploads\/2025\/08\/443277922_907381637804317_4532534099487602515_n-257x300.jpg 257w, https:\/\/gsrowad.ma\/wp-content\/uploads\/2025\/08\/443277922_907381637804317_4532534099487602515_n-768x895.jpg 768w, https:\/\/gsrowad.ma\/wp-content\/uploads\/2025\/08\/443277922_907381637804317_4532534099487602515_n-1317x1536.jpg 1317w, https:\/\/gsrowad.ma\/wp-content\/uploads\/2025\/08\/443277922_907381637804317_4532534099487602515_n.jpg 1440w\" sizes=\"(max-width: 800px) 100vw, 800px\" \/>\t\t\t\t\t\t\t\t\t\t\t\t\t\t\t<\/div>\n\t\t\t\t\t<\/div>\n\t\t<\/div>\n\t\t\t\t\t<\/div>\n\t\t<\/section>\n\t\t\t\t\t<\/div>\n\t\t<\/div>\n\t\t\t\t\t<\/div>\n\t\t<\/section>\n\t\t\t\t<\/div>\n\t\t","protected":false},"excerpt":{"rendered":"<p>Nos Programmes Nos Programmes Au Groupe Scolaire ROWAD, nous accompagnons vos enfants tout au long de leur parcours \u00e9ducatif, de leurs premiers pas \u00e0 l\u2019\u00e9cole jusqu\u2019\u00e0 la pr\u00e9paration au baccalaur\u00e9at. Chaque \u00e9tape est pens\u00e9e pour d\u00e9velopper leurs comp\u00e9tences, leur confiance et leur ouverture sur le monde. MATERNELLE MATERNELLE \u00c0 la maternelle du Groupe Scolaire Rowad, [&hellip;]<\/p>\n","protected":false},"author":1,"featured_media":0,"parent":0,"menu_order":0,"comment_status":"closed","ping_status":"closed","template":"elementor_header_footer","meta":{"footnotes":""},"class_list":["post-460","page","type-page","status-publish","hentry"],"_links":{"self":[{"href":"https:\/\/gsrowad.ma\/index.php\/wp-json\/wp\/v2\/pages\/460","targetHints":{"allow":["GET"]}}],"collection":[{"href":"https:\/\/gsrowad.ma\/index.php\/wp-json\/wp\/v2\/pages"}],"about":[{"href":"https:\/\/gsrowad.ma\/index.php\/wp-json\/wp\/v2\/types\/page"}],"author":[{"embeddable":true,"href":"https:\/\/gsrowad.ma\/index.php\/wp-json\/wp\/v2\/users\/1"}],"replies":[{"embeddable":true,"href":"https:\/\/gsrowad.ma\/index.php\/wp-json\/wp\/v2\/comments?post=460"}],"version-history":[{"count":31,"href":"https:\/\/gsrowad.ma\/index.php\/wp-json\/wp\/v2\/pages\/460\/revisions"}],"predecessor-version":[{"id":685,"href":"https:\/\/gsrowad.ma\/index.php\/wp-json\/wp\/v2\/pages\/460\/revisions\/685"}],"wp:attachment":[{"href":"https:\/\/gsrowad.ma\/index.php\/wp-json\/wp\/v2\/media?parent=460"}],"curies":[{"name":"wp","href":"https:\/\/api.w.org\/{rel}","templated":true}]}}