{"id":230,"date":"2025-08-17T12:14:46","date_gmt":"2025-08-17T12:14:46","guid":{"rendered":"https:\/\/gsrowad.ma\/?page_id=230"},"modified":"2025-08-26T13:42:18","modified_gmt":"2025-08-26T13:42:18","slug":"a-propos","status":"publish","type":"page","link":"https:\/\/gsrowad.ma\/index.php\/a-propos\/","title":{"rendered":"\u00c0 propos"},"content":{"rendered":"\t\t<div data-elementor-type=\"wp-page\" data-elementor-id=\"230\" class=\"elementor elementor-230\" data-elementor-post-type=\"page\">\n\t\t\t\t\t\t<section class=\"elementor-section elementor-top-section elementor-element elementor-element-1fafa952 elementor-section-boxed elementor-section-height-default elementor-section-height-default\" data-id=\"1fafa952\" data-element_type=\"section\" data-settings=\"{&quot;background_background&quot;:&quot;classic&quot;}\">\n\t\t\t\t\t\t\t<div class=\"elementor-background-overlay\"><\/div>\n\t\t\t\t\t\t\t<div class=\"elementor-container elementor-column-gap-default\">\n\t\t\t\t\t<div class=\"elementor-column elementor-col-100 elementor-top-column elementor-element elementor-element-1acd4a79\" data-id=\"1acd4a79\" data-element_type=\"column\">\n\t\t\t<div class=\"elementor-widget-wrap elementor-element-populated\">\n\t\t\t\t\t\t<div class=\"elementor-element elementor-element-496658c5 animated-slow elementor-widget__width-initial elementor-invisible elementor-widget elementor-widget-heading\" data-id=\"496658c5\" data-element_type=\"widget\" data-settings=\"{&quot;_animation&quot;:&quot;fadeInLeft&quot;}\" data-widget_type=\"heading.default\">\n\t\t\t\t\t<h2 class=\"elementor-heading-title elementor-size-default\">\u00c0 propos du Groupe Scolaire ROWAD<\/h2>\t\t\t\t<\/div>\n\t\t\t\t\t<\/div>\n\t\t<\/div>\n\t\t\t\t\t<\/div>\n\t\t<\/section>\n\t\t\t\t<section class=\"elementor-section elementor-top-section elementor-element elementor-element-7ce7ac9 elementor-section-boxed elementor-section-height-default elementor-section-height-default\" data-id=\"7ce7ac9\" data-element_type=\"section\">\n\t\t\t\t\t\t<div class=\"elementor-container elementor-column-gap-default\">\n\t\t\t\t\t<div class=\"elementor-column elementor-col-50 elementor-top-column elementor-element elementor-element-516476ef\" data-id=\"516476ef\" data-element_type=\"column\">\n\t\t\t<div class=\"elementor-widget-wrap elementor-element-populated\">\n\t\t\t\t\t\t<div class=\"elementor-element elementor-element-20108f70 animated-slow elementor-invisible elementor-widget elementor-widget-heading\" data-id=\"20108f70\" data-element_type=\"widget\" data-settings=\"{&quot;_animation&quot;:&quot;fadeInLeft&quot;}\" data-widget_type=\"heading.default\">\n\t\t\t\t\t<h2 class=\"elementor-heading-title elementor-size-default\">Qui sommes-nous ?<\/h2>\t\t\t\t<\/div>\n\t\t\t\t<div class=\"elementor-element elementor-element-4ae23fac elementor-widget elementor-widget-text-editor\" data-id=\"4ae23fac\" data-element_type=\"widget\" data-widget_type=\"text-editor.default\">\n\t\t\t\t\t\t\t\t\t<p>Le Groupe Scolaire Rowad est un espace con\u00e7u pour favoriser le d\u00e9veloppement harmonieux des enfants, alliant excellence \u00e9ducative, ouverture sur le monde et richesse culturelle.<\/p><p><br \/>Gr\u00e2ce \u00e0 un programme structur\u00e9 autour des langues, des sciences et du d\u00e9veloppement personnel, nous accompagnons chaque \u00e9l\u00e8ve \u00e0 travers les diff\u00e9rentes \u00e9tapes de son apprentissage afin de lui permettre d\u2019atteindre un \u00e9quilibre entre savoirs, comp\u00e9tences et \u00e9panouissement personnel.<\/p><p><br \/>Au sein de notre \u00e9tablissement, la bienveillance est au c\u0153ur de notre approche p\u00e9dagogique. Nous accordons une importance primordiale \u00e0 la relation avec chaque enfant, lui offrant ainsi un cadre propice \u00e0 l\u2019\u00e9veil, \u00e0 la confiance en soi et \u00e0 l\u2019exploration de son plein potentiel.<\/p>\t\t\t\t\t\t\t\t<\/div>\n\t\t\t\t\t<\/div>\n\t\t<\/div>\n\t\t\t\t<div class=\"elementor-column elementor-col-50 elementor-top-column elementor-element elementor-element-35b7b5e1\" data-id=\"35b7b5e1\" data-element_type=\"column\">\n\t\t\t<div class=\"elementor-widget-wrap elementor-element-populated\">\n\t\t\t\t\t\t<section class=\"elementor-section elementor-inner-section elementor-element elementor-element-4be97c04 elementor-section-boxed elementor-section-height-default elementor-section-height-default\" data-id=\"4be97c04\" data-element_type=\"section\">\n\t\t\t\t\t\t<div class=\"elementor-container elementor-column-gap-default\">\n\t\t\t\t\t<div class=\"elementor-column elementor-col-100 elementor-inner-column elementor-element elementor-element-7e551706\" data-id=\"7e551706\" data-element_type=\"column\">\n\t\t\t<div class=\"elementor-widget-wrap elementor-element-populated\">\n\t\t\t\t\t\t<div class=\"elementor-element elementor-element-592d6fad elementor-widget elementor-widget-image\" data-id=\"592d6fad\" data-element_type=\"widget\" data-widget_type=\"image.default\">\n\t\t\t\t\t\t\t\t\t\t\t\t\t\t\t<img fetchpriority=\"high\" decoding=\"async\" width=\"1280\" height=\"1707\" src=\"https:\/\/gsrowad.ma\/wp-content\/uploads\/2025\/08\/pexels-jessbaileydesign-1764436.jpg\" class=\"attachment-full size-full wp-image-324\" alt=\"\" srcset=\"https:\/\/gsrowad.ma\/wp-content\/uploads\/2025\/08\/pexels-jessbaileydesign-1764436.jpg 1280w, https:\/\/gsrowad.ma\/wp-content\/uploads\/2025\/08\/pexels-jessbaileydesign-1764436-225x300.jpg 225w, https:\/\/gsrowad.ma\/wp-content\/uploads\/2025\/08\/pexels-jessbaileydesign-1764436-768x1024.jpg 768w, https:\/\/gsrowad.ma\/wp-content\/uploads\/2025\/08\/pexels-jessbaileydesign-1764436-1152x1536.jpg 1152w\" sizes=\"(max-width: 1280px) 100vw, 1280px\" \/>\t\t\t\t\t\t\t\t\t\t\t\t\t\t\t<\/div>\n\t\t\t\t\t<\/div>\n\t\t<\/div>\n\t\t\t\t\t<\/div>\n\t\t<\/section>\n\t\t\t\t<section class=\"elementor-section elementor-inner-section elementor-element elementor-element-282cbe96 elementor-section-boxed elementor-section-height-default elementor-section-height-default\" data-id=\"282cbe96\" data-element_type=\"section\">\n\t\t\t\t\t\t<div class=\"elementor-container elementor-column-gap-default\">\n\t\t\t\t\t<div class=\"elementor-column elementor-col-100 elementor-inner-column elementor-element elementor-element-26e051e0\" data-id=\"26e051e0\" data-element_type=\"column\">\n\t\t\t<div class=\"elementor-widget-wrap elementor-element-populated\">\n\t\t\t\t\t\t<div class=\"elementor-element elementor-element-556d50ae elementor-hidden-mobile elementor-widget elementor-widget-image\" data-id=\"556d50ae\" data-element_type=\"widget\" data-widget_type=\"image.default\">\n\t\t\t\t\t\t\t\t\t\t\t\t\t\t\t<img decoding=\"async\" width=\"58\" height=\"75\" src=\"https:\/\/gsrowad.ma\/wp-content\/uploads\/2025\/08\/circleElement-e1636705619269.png\" class=\"attachment-large size-large wp-image-10\" alt=\"\" \/>\t\t\t\t\t\t\t\t\t\t\t\t\t\t\t<\/div>\n\t\t\t\t<div class=\"elementor-element elementor-element-6d1fc673 elementor-widget elementor-widget-image\" data-id=\"6d1fc673\" data-element_type=\"widget\" data-widget_type=\"image.default\">\n\t\t\t\t\t\t\t\t\t\t\t\t\t\t\t<img decoding=\"async\" width=\"1440\" height=\"1679\" src=\"https:\/\/gsrowad.ma\/wp-content\/uploads\/2025\/08\/443277922_907381637804317_4532534099487602515_n.jpg\" class=\"attachment-full size-full wp-image-375\" alt=\"\" srcset=\"https:\/\/gsrowad.ma\/wp-content\/uploads\/2025\/08\/443277922_907381637804317_4532534099487602515_n.jpg 1440w, https:\/\/gsrowad.ma\/wp-content\/uploads\/2025\/08\/443277922_907381637804317_4532534099487602515_n-257x300.jpg 257w, https:\/\/gsrowad.ma\/wp-content\/uploads\/2025\/08\/443277922_907381637804317_4532534099487602515_n-878x1024.jpg 878w, https:\/\/gsrowad.ma\/wp-content\/uploads\/2025\/08\/443277922_907381637804317_4532534099487602515_n-768x895.jpg 768w, https:\/\/gsrowad.ma\/wp-content\/uploads\/2025\/08\/443277922_907381637804317_4532534099487602515_n-1317x1536.jpg 1317w\" sizes=\"(max-width: 1440px) 100vw, 1440px\" \/>\t\t\t\t\t\t\t\t\t\t\t\t\t\t\t<\/div>\n\t\t\t\t\t<\/div>\n\t\t<\/div>\n\t\t\t\t\t<\/div>\n\t\t<\/section>\n\t\t\t\t\t<\/div>\n\t\t<\/div>\n\t\t\t\t\t<\/div>\n\t\t<\/section>\n\t\t\t\t<section class=\"elementor-section elementor-top-section elementor-element elementor-element-42220dbd elementor-section-boxed elementor-section-height-default elementor-section-height-default\" data-id=\"42220dbd\" data-element_type=\"section\" data-settings=\"{&quot;background_background&quot;:&quot;classic&quot;}\">\n\t\t\t\t\t\t<div class=\"elementor-container elementor-column-gap-default\">\n\t\t\t\t\t<div class=\"elementor-column elementor-col-100 elementor-top-column elementor-element elementor-element-3b3ace30\" data-id=\"3b3ace30\" data-element_type=\"column\">\n\t\t\t<div class=\"elementor-widget-wrap elementor-element-populated\">\n\t\t\t\t\t\t<section class=\"elementor-section elementor-inner-section elementor-element elementor-element-71f7a5f2 elementor-section-boxed elementor-section-height-default elementor-section-height-default\" data-id=\"71f7a5f2\" data-element_type=\"section\">\n\t\t\t\t\t\t<div class=\"elementor-container elementor-column-gap-default\">\n\t\t\t\t\t<div class=\"elementor-column elementor-col-50 elementor-inner-column elementor-element elementor-element-f50629b elementor-invisible\" data-id=\"f50629b\" data-element_type=\"column\" data-settings=\"{&quot;background_background&quot;:&quot;classic&quot;,&quot;animation&quot;:&quot;fadeInUp&quot;}\">\n\t\t\t<div class=\"elementor-widget-wrap elementor-element-populated\">\n\t\t\t\t\t<div class=\"elementor-background-overlay\"><\/div>\n\t\t\t\t\t\t<div class=\"elementor-element elementor-element-9a6d656 elementor-widget elementor-widget-image\" data-id=\"9a6d656\" data-element_type=\"widget\" data-widget_type=\"image.default\">\n\t\t\t\t\t\t\t\t\t\t\t\t\t\t\t<img loading=\"lazy\" decoding=\"async\" width=\"800\" height=\"534\" src=\"https:\/\/gsrowad.ma\/wp-content\/uploads\/2025\/08\/partial-view-of-students-writing-during-lecture-in-college-1024x684.jpg\" class=\"attachment-large size-large wp-image-143\" alt=\"\" srcset=\"https:\/\/gsrowad.ma\/wp-content\/uploads\/2025\/08\/partial-view-of-students-writing-during-lecture-in-college-1024x684.jpg 1024w, https:\/\/gsrowad.ma\/wp-content\/uploads\/2025\/08\/partial-view-of-students-writing-during-lecture-in-college-300x200.jpg 300w, https:\/\/gsrowad.ma\/wp-content\/uploads\/2025\/08\/partial-view-of-students-writing-during-lecture-in-college-768x513.jpg 768w, https:\/\/gsrowad.ma\/wp-content\/uploads\/2025\/08\/partial-view-of-students-writing-during-lecture-in-college-1536x1025.jpg 1536w, https:\/\/gsrowad.ma\/wp-content\/uploads\/2025\/08\/partial-view-of-students-writing-during-lecture-in-college.jpg 2000w\" sizes=\"(max-width: 800px) 100vw, 800px\" \/>\t\t\t\t\t\t\t\t\t\t\t\t\t\t\t<\/div>\n\t\t\t\t\t<\/div>\n\t\t<\/div>\n\t\t\t\t<div class=\"elementor-column elementor-col-50 elementor-inner-column elementor-element elementor-element-793a1eaa\" data-id=\"793a1eaa\" data-element_type=\"column\" data-settings=\"{&quot;background_background&quot;:&quot;classic&quot;}\">\n\t\t\t<div class=\"elementor-widget-wrap elementor-element-populated\">\n\t\t\t\t\t<div class=\"elementor-background-overlay\"><\/div>\n\t\t\t\t\t\t<div class=\"elementor-element elementor-element-73891eb3 animated-slow elementor-invisible elementor-widget elementor-widget-heading\" data-id=\"73891eb3\" data-element_type=\"widget\" data-settings=\"{&quot;_animation&quot;:&quot;fadeInRight&quot;}\" data-widget_type=\"heading.default\">\n\t\t\t\t\t<h2 class=\"elementor-heading-title elementor-size-default\">Mot du Directeur<\/h2>\t\t\t\t<\/div>\n\t\t\t\t<div class=\"elementor-element elementor-element-2715d6dd elementor-widget elementor-widget-text-editor\" data-id=\"2715d6dd\" data-element_type=\"widget\" data-widget_type=\"text-editor.default\">\n\t\t\t\t\t\t\t\t\t<p>\u00ab\u00a0Notre mission est de former des \u00e9l\u00e8ves conscients de leur identit\u00e9 culturelle, ouverts sur le monde et capables de s\u2019adapter \u00e0 un environnement en constante \u00e9volution. Nous sommes convaincus que le lien entre l\u2019apprenant, son environnement et ses apprentissages est essentiel. C\u2019est pourquoi nous avons plac\u00e9 la bienveillance au centre de notre projet \u00e9ducatif, afin d\u2019offrir \u00e0 chaque enfant les meilleures conditions pour s\u2019\u00e9panouir et r\u00e9ussir.\u00a0\u00bb<\/p>\t\t\t\t\t\t\t\t<\/div>\n\t\t\t\t\t<\/div>\n\t\t<\/div>\n\t\t\t\t\t<\/div>\n\t\t<\/section>\n\t\t\t\t\t<\/div>\n\t\t<\/div>\n\t\t\t\t\t<\/div>\n\t\t<\/section>\n\t\t\t\t<section class=\"elementor-section elementor-top-section elementor-element elementor-element-7522eb2c elementor-section-boxed elementor-section-height-default elementor-section-height-default\" data-id=\"7522eb2c\" data-element_type=\"section\" data-settings=\"{&quot;background_background&quot;:&quot;classic&quot;}\">\n\t\t\t\t\t\t\t<div class=\"elementor-background-overlay\"><\/div>\n\t\t\t\t\t\t\t<div class=\"elementor-container elementor-column-gap-default\">\n\t\t\t\t\t<div class=\"elementor-column elementor-col-100 elementor-top-column elementor-element elementor-element-263265ba\" data-id=\"263265ba\" data-element_type=\"column\">\n\t\t\t<div class=\"elementor-widget-wrap elementor-element-populated\">\n\t\t\t\t\t\t<div class=\"elementor-element elementor-element-f44d044 animated-slow elementor-invisible elementor-widget elementor-widget-heading\" data-id=\"f44d044\" data-element_type=\"widget\" data-settings=\"{&quot;_animation&quot;:&quot;fadeInUp&quot;}\" data-widget_type=\"heading.default\">\n\t\t\t\t\t<h2 class=\"elementor-heading-title elementor-size-default\">Notre Approche P\u00e9dagogique<\/h2>\t\t\t\t<\/div>\n\t\t\t\t<div class=\"elementor-element elementor-element-7af23c08 elementor-widget elementor-widget-text-editor\" data-id=\"7af23c08\" data-element_type=\"widget\" data-widget_type=\"text-editor.default\">\n\t\t\t\t\t\t\t\t\t<p>Au <strong data-start=\"244\" data-end=\"269\">Groupe Scolaire ROWAD<\/strong>, nous croyons que chaque \u00e9l\u00e8ve est unique et m\u00e9rite un parcours \u00e9ducatif adapt\u00e9 \u00e0 son rythme, ses talents et ses ambitions. Notre p\u00e9dagogie repose sur trois piliers fondamentaux :<\/p>\t\t\t\t\t\t\t\t<\/div>\n\t\t\t\t\t<\/div>\n\t\t<\/div>\n\t\t\t\t\t<\/div>\n\t\t<\/section>\n\t\t\t\t<section class=\"elementor-section elementor-top-section elementor-element elementor-element-62a7fc15 elementor-section-boxed elementor-section-height-default elementor-section-height-default elementor-invisible\" data-id=\"62a7fc15\" data-element_type=\"section\" data-settings=\"{&quot;animation&quot;:&quot;slideInDown&quot;}\">\n\t\t\t\t\t\t<div class=\"elementor-container elementor-column-gap-default\">\n\t\t\t\t\t<div class=\"elementor-column elementor-col-33 elementor-top-column elementor-element elementor-element-1be8c2ee\" data-id=\"1be8c2ee\" data-element_type=\"column\">\n\t\t\t<div class=\"elementor-widget-wrap elementor-element-populated\">\n\t\t\t\t\t\t<div class=\"elementor-element elementor-element-32f78960 jkit-equal-height-enable elementor-widget elementor-widget-jkit_image_box\" data-id=\"32f78960\" data-element_type=\"widget\" data-widget_type=\"jkit_image_box.default\">\n\t\t\t\t\t<div  class=\"jeg-elementor-kit jkit-image-box style-default elementor-animation- jeg_module___69e1d3375437b\" ><div class=\"image-box-header elementor-animation-\"><img loading=\"lazy\" decoding=\"async\" width=\"2000\" height=\"1333\" src=\"https:\/\/gsrowad.ma\/wp-content\/uploads\/2025\/08\/Mader-Mississippi-richton-old-desks.webp\" class=\"attachment-full size-full\" alt=\"\" url=\"https:\/\/gsrowad.ma\/wp-content\/uploads\/2025\/08\/Mader-Mississippi-richton-old-desks.webp\" source=\"library\" srcset=\"https:\/\/gsrowad.ma\/wp-content\/uploads\/2025\/08\/Mader-Mississippi-richton-old-desks.webp 2000w, https:\/\/gsrowad.ma\/wp-content\/uploads\/2025\/08\/Mader-Mississippi-richton-old-desks-300x200.webp 300w, https:\/\/gsrowad.ma\/wp-content\/uploads\/2025\/08\/Mader-Mississippi-richton-old-desks-1024x682.webp 1024w, https:\/\/gsrowad.ma\/wp-content\/uploads\/2025\/08\/Mader-Mississippi-richton-old-desks-768x512.webp 768w, https:\/\/gsrowad.ma\/wp-content\/uploads\/2025\/08\/Mader-Mississippi-richton-old-desks-1536x1024.webp 1536w\" sizes=\"(max-width: 2000px) 100vw, 2000px\" \/><\/div><div class=\"image-box-body\">\n            <div class=\"body-inner\"><h2 class=\"body-title icon-position-before\">Des classes \u00e0 effectifs r\u00e9duits pour un suivi individualis\u00e9<\/h2>\n                <div class=\"body-description\"><p>Nous privil\u00e9gions des groupes restreints afin que chaque \u00e9l\u00e8ve b\u00e9n\u00e9ficie d\u2019une attention particuli\u00e8re. Cela permet aux enseignants de mieux accompagner la progression de chacun, de renforcer la confiance en soi et de valoriser les r\u00e9ussites personnelles.<\/p><\/div>\n                <div class=\"body-button\"><\/div>\n                \n            <\/div>\n        <\/div><\/div>\t\t\t\t<\/div>\n\t\t\t\t\t<\/div>\n\t\t<\/div>\n\t\t\t\t<div class=\"elementor-column elementor-col-33 elementor-top-column elementor-element elementor-element-4855672e\" data-id=\"4855672e\" data-element_type=\"column\">\n\t\t\t<div class=\"elementor-widget-wrap elementor-element-populated\">\n\t\t\t\t\t\t<div class=\"elementor-element elementor-element-6ae8d327 jkit-equal-height-enable elementor-widget elementor-widget-jkit_image_box\" data-id=\"6ae8d327\" data-element_type=\"widget\" data-widget_type=\"jkit_image_box.default\">\n\t\t\t\t\t<div  class=\"jeg-elementor-kit jkit-image-box style-default elementor-animation- jeg_module__1_69e1d33754a32\" ><div class=\"image-box-header elementor-animation-\"><img loading=\"lazy\" decoding=\"async\" width=\"1279\" height=\"853\" src=\"https:\/\/gsrowad.ma\/wp-content\/uploads\/2025\/08\/pexels-tima-miroshnichenko-5427862.jpg\" class=\"attachment-full size-full\" alt=\"\" url=\"https:\/\/gsrowad.ma\/wp-content\/uploads\/2025\/08\/pexels-tima-miroshnichenko-5427862.jpg\" source=\"library\" srcset=\"https:\/\/gsrowad.ma\/wp-content\/uploads\/2025\/08\/pexels-tima-miroshnichenko-5427862.jpg 1279w, https:\/\/gsrowad.ma\/wp-content\/uploads\/2025\/08\/pexels-tima-miroshnichenko-5427862-300x200.jpg 300w, https:\/\/gsrowad.ma\/wp-content\/uploads\/2025\/08\/pexels-tima-miroshnichenko-5427862-1024x683.jpg 1024w, https:\/\/gsrowad.ma\/wp-content\/uploads\/2025\/08\/pexels-tima-miroshnichenko-5427862-768x512.jpg 768w\" sizes=\"(max-width: 1279px) 100vw, 1279px\" \/><\/div><div class=\"image-box-body\">\n            <div class=\"body-inner\"><h2 class=\"body-title icon-position-before\">Des m\u00e9thodes actives favorisant la cr\u00e9ativit\u00e9, l\u2019autonomie et l\u2019esprit d\u2019\u00e9quipe<\/h2>\n                <div class=\"body-description\"><p>Nous encourageons nos \u00e9l\u00e8ves \u00e0 apprendre en faisant : \u00e0 travers des projets collaboratifs, des ateliers pratiques et des activit\u00e9s interdisciplinaires. Cette approche leur permet de d\u00e9velopper leur sens critique, leur imagination et leur capacit\u00e9 \u00e0 travailler avec les autres.<\/p><\/div>\n                <div class=\"body-button\"><\/div>\n                \n            <\/div>\n        <\/div><\/div>\t\t\t\t<\/div>\n\t\t\t\t\t<\/div>\n\t\t<\/div>\n\t\t\t\t<div class=\"elementor-column elementor-col-33 elementor-top-column elementor-element elementor-element-3eb9a09c\" data-id=\"3eb9a09c\" data-element_type=\"column\">\n\t\t\t<div class=\"elementor-widget-wrap elementor-element-populated\">\n\t\t\t\t\t\t<div class=\"elementor-element elementor-element-1363e22e jkit-equal-height-enable elementor-widget elementor-widget-jkit_image_box\" data-id=\"1363e22e\" data-element_type=\"widget\" data-widget_type=\"jkit_image_box.default\">\n\t\t\t\t\t<div  class=\"jeg-elementor-kit jkit-image-box style-default elementor-animation- jeg_module__2_69e1d33754f36\" ><div class=\"image-box-header elementor-animation-\"><img loading=\"lazy\" decoding=\"async\" width=\"820\" height=\"460\" src=\"https:\/\/gsrowad.ma\/wp-content\/uploads\/2025\/08\/shutterstock_65295724.jpg\" class=\"attachment-full size-full\" alt=\"\" url=\"https:\/\/gsrowad.ma\/wp-content\/uploads\/2025\/08\/shutterstock_65295724.jpg\" source=\"library\" srcset=\"https:\/\/gsrowad.ma\/wp-content\/uploads\/2025\/08\/shutterstock_65295724.jpg 820w, https:\/\/gsrowad.ma\/wp-content\/uploads\/2025\/08\/shutterstock_65295724-300x168.jpg 300w, https:\/\/gsrowad.ma\/wp-content\/uploads\/2025\/08\/shutterstock_65295724-768x431.jpg 768w\" sizes=\"(max-width: 820px) 100vw, 820px\" \/><\/div><div class=\"image-box-body\">\n            <div class=\"body-inner\"><h2 class=\"body-title icon-position-before\">L\u2019int\u00e9gration des nouvelles technologies pour un apprentissage moderne<\/h2>\n                <div class=\"body-description\"><p>Nous mettons \u00e0 disposition des outils num\u00e9riques et des ressources interactives pour enrichir l\u2019exp\u00e9rience d\u2019apprentissage. L\u2019utilisation de tablettes, de laboratoires multim\u00e9dias et de plateformes \u00e9ducatives permet aux \u00e9l\u00e8ves d\u2019\u00eatre en phase avec les \u00e9volutions du monde moderne.<\/p><\/div>\n                <div class=\"body-button\"><\/div>\n                \n            <\/div>\n        <\/div><\/div>\t\t\t\t<\/div>\n\t\t\t\t\t<\/div>\n\t\t<\/div>\n\t\t\t\t\t<\/div>\n\t\t<\/section>\n\t\t\t\t<section class=\"elementor-section elementor-top-section elementor-element elementor-element-1704c39 elementor-section-boxed elementor-section-height-default elementor-section-height-default\" data-id=\"1704c39\" data-element_type=\"section\" data-settings=\"{&quot;background_background&quot;:&quot;classic&quot;}\">\n\t\t\t\t\t\t<div class=\"elementor-container elementor-column-gap-default\">\n\t\t\t\t\t<div class=\"elementor-column elementor-col-100 elementor-top-column elementor-element elementor-element-a9eaed5\" data-id=\"a9eaed5\" data-element_type=\"column\">\n\t\t\t<div class=\"elementor-widget-wrap elementor-element-populated\">\n\t\t\t\t\t\t<section class=\"elementor-section elementor-inner-section elementor-element elementor-element-5558c1d elementor-section-boxed elementor-section-height-default elementor-section-height-default\" data-id=\"5558c1d\" data-element_type=\"section\">\n\t\t\t\t\t\t<div class=\"elementor-container elementor-column-gap-default\">\n\t\t\t\t\t<div class=\"elementor-column elementor-col-50 elementor-inner-column elementor-element elementor-element-53e5995\" data-id=\"53e5995\" data-element_type=\"column\">\n\t\t\t<div class=\"elementor-widget-wrap elementor-element-populated\">\n\t\t\t\t\t\t<div class=\"elementor-element elementor-element-e827a3d elementor-widget elementor-widget-heading\" data-id=\"e827a3d\" data-element_type=\"widget\" data-widget_type=\"heading.default\">\n\t\t\t\t\t<h2 class=\"elementor-heading-title elementor-size-default\">Vous souhaitez rejoindre notre \u00e9quipe p\u00e9dagogique et participer \u00e0 l\u2019aventure \u00e9ducative du Groupe Scolaire ROWAD ?<\/h2>\t\t\t\t<\/div>\n\t\t\t\t\t<\/div>\n\t\t<\/div>\n\t\t\t\t<div class=\"elementor-column elementor-col-50 elementor-inner-column elementor-element elementor-element-fd6ff68\" data-id=\"fd6ff68\" data-element_type=\"column\">\n\t\t\t<div class=\"elementor-widget-wrap elementor-element-populated\">\n\t\t\t\t\t\t<div class=\"elementor-element elementor-element-1ee5ba1 elementor-widget elementor-widget-jkit_button\" data-id=\"1ee5ba1\" data-element_type=\"widget\" data-widget_type=\"jkit_button.default\">\n\t\t\t\t\t<div  class=\"jeg-elementor-kit jkit-button  icon-position-before jeg_module__3_69e1d33756365\" ><a href=\"https:\/\/gsrowad.ma\/index.php\/recrutement\/\" class=\"jkit-button-wrapper\">Postulez d\u00e8s maintenant<\/a><\/div>\t\t\t\t<\/div>\n\t\t\t\t\t<\/div>\n\t\t<\/div>\n\t\t\t\t\t<\/div>\n\t\t<\/section>\n\t\t\t\t\t<\/div>\n\t\t<\/div>\n\t\t\t\t\t<\/div>\n\t\t<\/section>\n\t\t\t\t<\/div>\n\t\t","protected":false},"excerpt":{"rendered":"<p>\u00c0 propos du Groupe Scolaire ROWAD Qui sommes-nous ? Le Groupe Scolaire Rowad est un espace con\u00e7u pour favoriser le d\u00e9veloppement harmonieux des enfants, alliant excellence \u00e9ducative, ouverture sur le monde et richesse culturelle. Gr\u00e2ce \u00e0 un programme structur\u00e9 autour des langues, des sciences et du d\u00e9veloppement personnel, nous accompagnons chaque \u00e9l\u00e8ve \u00e0 travers les [&hellip;]<\/p>\n","protected":false},"author":1,"featured_media":0,"parent":0,"menu_order":0,"comment_status":"closed","ping_status":"closed","template":"elementor_header_footer","meta":{"footnotes":""},"class_list":["post-230","page","type-page","status-publish","hentry"],"_links":{"self":[{"href":"https:\/\/gsrowad.ma\/index.php\/wp-json\/wp\/v2\/pages\/230","targetHints":{"allow":["GET"]}}],"collection":[{"href":"https:\/\/gsrowad.ma\/index.php\/wp-json\/wp\/v2\/pages"}],"about":[{"href":"https:\/\/gsrowad.ma\/index.php\/wp-json\/wp\/v2\/types\/page"}],"author":[{"embeddable":true,"href":"https:\/\/gsrowad.ma\/index.php\/wp-json\/wp\/v2\/users\/1"}],"replies":[{"embeddable":true,"href":"https:\/\/gsrowad.ma\/index.php\/wp-json\/wp\/v2\/comments?post=230"}],"version-history":[{"count":73,"href":"https:\/\/gsrowad.ma\/index.php\/wp-json\/wp\/v2\/pages\/230\/revisions"}],"predecessor-version":[{"id":682,"href":"https:\/\/gsrowad.ma\/index.php\/wp-json\/wp\/v2\/pages\/230\/revisions\/682"}],"wp:attachment":[{"href":"https:\/\/gsrowad.ma\/index.php\/wp-json\/wp\/v2\/media?parent=230"}],"curies":[{"name":"wp","href":"https:\/\/api.w.org\/{rel}","templated":true}]}}